{"id":1085,"date":"2021-01-17T07:58:31","date_gmt":"2021-01-17T07:58:31","guid":{"rendered":"https:\/\/appsaf.apieproject.com\/business\/a-propos\/"},"modified":"2021-01-19T05:25:16","modified_gmt":"2021-01-19T05:25:16","slug":"a-propos","status":"publish","type":"page","link":"https:\/\/appsaf.apieproject.com\/business\/fr\/a-propos\/","title":{"rendered":"A Propos"},"content":{"rendered":"\n<p><\/p>\n\n<p><\/p>\n\n<p>Bienvenue \u00e0 APIE PROJECT, la source num\u00e9ro pour galvaniser les Africains par la technologie. Nous nous engageons \u00e0 fournir aux Africains des applications Internet telles que l\u2019achat \/ vente et la liste d\u2019entreprises, avec pour but la simplification de la vie quotidienne des Africains.<\/p>\n\n<p>Fond\u00e9 en 2020 par des Africains  tr\u00e9s d\u00e9vou\u00e9s, APIE PROJECT essaie de r\u00e9volutionner la fa\u00e7on dont les Africains utilisent Internet dans leur vie quotidienne. Le projet fournit des applications de premi\u00e8re classe sans frais aux Africains tout en leur donnant une plateforme plus large que celle de leurs villes et \/ ou pays pour publier leurs services.<\/p>\n\n<p>Nous esp\u00e9rons que vous appr\u00e9cierez nos applications autant que nous appr\u00e9cierons vous les offrir. Si vous avez des questions ou des commentaires, n\u2019h\u00e9sitez pas \u00e0 nous contacter.<\/p>\n\n<p>Cordialement,<\/p>\n\n<p>APIE PROJECT<\/p>\n\n<p><span \n                data-original-string=\"6CGkXGkKbn4znnR1h\/WJ2A==f1ay7o7j7XEfCketYNnBO64RNiH5m03caCP3rAfj4Tzjzg=\"\n                class=\"apbct-email-encoder\"\n                title=\"This contact has been encoded by Anti-Spam by CleanTalk. Click to decode. To finish the decoding make sure that JavaScript is enabled in your browser.\">in<span class=\"apbct-blur\">**@ap*********.c<\/span>om<\/span><\/p>\n","protected":false},"excerpt":{"rendered":"<p>Bienvenue \u00e0 APIE PROJECT, la source num\u00e9ro pour galvaniser les Africains par la technologie. Nous nous engageons \u00e0 fournir aux Africains des applications Internet telles que l\u2019achat \/ vente et la liste d\u2019entreprises, avec pour but la simplification de la vie quotidienne des Africains. Fond\u00e9 en 2020 par des Africains tr\u00e9s d\u00e9vou\u00e9s, APIE PROJECT essaie [&hellip;]<\/p>\n","protected":false},"author":1,"featured_media":0,"parent":0,"menu_order":0,"comment_status":"closed","ping_status":"closed","template":"","meta":{"footnotes":""},"class_list":["post-1085","page","type-page","status-publish","hentry","wp-sticky","no-thumbnail"],"yoast_head":"<!-- This site is optimized with the Yoast SEO plugin v24.4 - https:\/\/yoast.com\/wordpress\/plugins\/seo\/ -->\n<title>A Propos - APIE BUSINESS<\/title>\n<meta name=\"robots\" content=\"index, follow, max-snippet:-1, max-image-preview:large, max-video-preview:-1\" \/>\n<link rel=\"canonical\" href=\"https:\/\/appsaf.apieproject.com\/business\/fr\/a-propos\/\" \/>\n<meta property=\"og:locale\" content=\"fr_FR\" \/>\n<meta property=\"og:type\" content=\"article\" \/>\n<meta property=\"og:title\" content=\"A Propos - APIE BUSINESS\" \/>\n<meta property=\"og:description\" content=\"Bienvenue \u00e0 APIE PROJECT, la source num\u00e9ro pour galvaniser les Africains par la technologie. Nous nous engageons \u00e0 fournir aux Africains des applications Internet telles que l\u2019achat \/ vente et la liste d\u2019entreprises, avec pour but la simplification de la vie quotidienne des Africains. Fond\u00e9 en 2020 par des Africains tr\u00e9s d\u00e9vou\u00e9s, APIE PROJECT essaie [&hellip;]\" \/>\n<meta property=\"og:url\" content=\"https:\/\/appsaf.apieproject.com\/business\/fr\/a-propos\/\" \/>\n<meta property=\"og:site_name\" content=\"APIE BUSINESS\" \/>\n<meta property=\"article:publisher\" content=\"https:\/\/facebook.com\/apieproject\" \/>\n<meta property=\"article:modified_time\" content=\"2021-01-19T05:25:16+00:00\" \/>\n<meta name=\"twitter:card\" content=\"summary_large_image\" \/>\n<meta name=\"twitter:site\" content=\"@apieproject\" \/>\n<meta name=\"twitter:label1\" content=\"Dur\u00e9e de lecture estim\u00e9e\" \/>\n\t<meta name=\"twitter:data1\" content=\"1 minute\" \/>\n<!-- \/ Yoast SEO plugin. -->","yoast_head_json":{"title":"A Propos - APIE BUSINESS","robots":{"index":"index","follow":"follow","max-snippet":"max-snippet:-1","max-image-preview":"max-image-preview:large","max-video-preview":"max-video-preview:-1"},"canonical":"https:\/\/appsaf.apieproject.com\/business\/fr\/a-propos\/","og_locale":"fr_FR","og_type":"article","og_title":"A Propos - APIE BUSINESS","og_description":"Bienvenue \u00e0 APIE PROJECT, la source num\u00e9ro pour galvaniser les Africains par la technologie. Nous nous engageons \u00e0 fournir aux Africains des applications Internet telles que l\u2019achat \/ vente et la liste d\u2019entreprises, avec pour but la simplification de la vie quotidienne des Africains. Fond\u00e9 en 2020 par des Africains tr\u00e9s d\u00e9vou\u00e9s, APIE PROJECT essaie [&hellip;]","og_url":"https:\/\/appsaf.apieproject.com\/business\/fr\/a-propos\/","og_site_name":"APIE BUSINESS","article_publisher":"https:\/\/facebook.com\/apieproject","article_modified_time":"2021-01-19T05:25:16+00:00","twitter_card":"summary_large_image","twitter_site":"@apieproject","twitter_misc":{"Dur\u00e9e de lecture estim\u00e9e":"1 minute"},"schema":{"@context":"https:\/\/schema.org","@graph":[{"@type":"WebPage","@id":"https:\/\/appsaf.apieproject.com\/business\/fr\/a-propos\/","url":"https:\/\/appsaf.apieproject.com\/business\/fr\/a-propos\/","name":"A Propos - APIE BUSINESS","isPartOf":{"@id":"https:\/\/appsaf.apieproject.com\/business\/#website"},"datePublished":"2021-01-17T07:58:31+00:00","dateModified":"2021-01-19T05:25:16+00:00","breadcrumb":{"@id":"https:\/\/appsaf.apieproject.com\/business\/fr\/a-propos\/#breadcrumb"},"inLanguage":"fr-FR","potentialAction":[{"@type":"ReadAction","target":["https:\/\/appsaf.apieproject.com\/business\/fr\/a-propos\/"]}]},{"@type":"BreadcrumbList","@id":"https:\/\/appsaf.apieproject.com\/business\/fr\/a-propos\/#breadcrumb","itemListElement":[{"@type":"ListItem","position":1,"name":"Home","item":"https:\/\/appsaf.apieproject.com\/business\/fr\/"},{"@type":"ListItem","position":2,"name":"A Propos"}]},{"@type":"WebSite","@id":"https:\/\/appsaf.apieproject.com\/business\/#website","url":"https:\/\/appsaf.apieproject.com\/business\/","name":"APIE BUSINESS","description":"APIE BUSINESS","publisher":{"@id":"https:\/\/appsaf.apieproject.com\/business\/#organization"},"potentialAction":[{"@type":"SearchAction","target":{"@type":"EntryPoint","urlTemplate":"https:\/\/appsaf.apieproject.com\/business\/?s={search_term_string}"},"query-input":{"@type":"PropertyValueSpecification","valueRequired":true,"valueName":"search_term_string"}}],"inLanguage":"fr-FR"},{"@type":"Organization","@id":"https:\/\/appsaf.apieproject.com\/business\/#organization","name":"APIE BUSINESS","url":"https:\/\/appsaf.apieproject.com\/business\/","logo":{"@type":"ImageObject","inLanguage":"fr-FR","@id":"https:\/\/appsaf.apieproject.com\/business\/#\/schema\/logo\/image\/","url":"https:\/\/appsaf.apieproject.com\/business\/wp-content\/uploads\/sites\/3\/2022\/07\/logo-R-TransparentBackground.png","contentUrl":"https:\/\/appsaf.apieproject.com\/business\/wp-content\/uploads\/sites\/3\/2022\/07\/logo-R-TransparentBackground.png","width":512,"height":512,"caption":"APIE BUSINESS"},"image":{"@id":"https:\/\/appsaf.apieproject.com\/business\/#\/schema\/logo\/image\/"},"sameAs":["https:\/\/facebook.com\/apieproject","https:\/\/x.com\/apieproject"]}]}},"_links":{"self":[{"href":"https:\/\/appsaf.apieproject.com\/business\/fr\/wp-json\/wp\/v2\/pages\/1085","targetHints":{"allow":["GET"]}}],"collection":[{"href":"https:\/\/appsaf.apieproject.com\/business\/fr\/wp-json\/wp\/v2\/pages"}],"about":[{"href":"https:\/\/appsaf.apieproject.com\/business\/fr\/wp-json\/wp\/v2\/types\/page"}],"author":[{"embeddable":true,"href":"https:\/\/appsaf.apieproject.com\/business\/fr\/wp-json\/wp\/v2\/users\/1"}],"replies":[{"embeddable":true,"href":"https:\/\/appsaf.apieproject.com\/business\/fr\/wp-json\/wp\/v2\/comments?post=1085"}],"version-history":[{"count":1,"href":"https:\/\/appsaf.apieproject.com\/business\/fr\/wp-json\/wp\/v2\/pages\/1085\/revisions"}],"predecessor-version":[{"id":1086,"href":"https:\/\/appsaf.apieproject.com\/business\/fr\/wp-json\/wp\/v2\/pages\/1085\/revisions\/1086"}],"wp:attachment":[{"href":"https:\/\/appsaf.apieproject.com\/business\/fr\/wp-json\/wp\/v2\/media?parent=1085"}],"curies":[{"name":"wp","href":"https:\/\/api.w.org\/{rel}","templated":true}]}}